{"id":597,"date":"2024-03-16T02:03:47","date_gmt":"2024-03-16T02:03:47","guid":{"rendered":"https:\/\/vidacarioca.com.br\/?page_id=597"},"modified":"2025-08-19T23:54:36","modified_gmt":"2025-08-20T02:54:36","slug":"vida-carioca","status":"publish","type":"page","link":"https:\/\/vidacarioca.com.br\/index.php\/vida-carioca\/","title":{"rendered":"Vida Carioca"},"content":{"rendered":"\n<p>Seja bem-vindo \u00e0 <strong>Vida Carioca<\/strong>, seu passaporte digital para o universo pulsante do Rio de Janeiro! Aqui, cada clique te conecta ao que tem de mais incr\u00edvel rolando pela cidade: festas que viram mem\u00f3ria, shows que mexem at\u00e9 o \u00faltimo neur\u00f4nio e fotos que eternizam sorrisos, multid\u00f5es e paisagens de tirar o f\u00f4lego. O Rio n\u00e3o espera \u2014 ele vive agora, e voc\u00ea est\u00e1 prestes a embarcar nessa jornada com vistas, sons e sensa\u00e7\u00f5es que s\u00f3 quem vive aqui entende.<\/p>\n\n\n\n<p>Quer saber onde bombar nesse fim de semana? Fica ligado nos nossos eventos: desde baladas exclusivas a pocket shows que misturam poesia, batida, voz e alma. Quer curtir com os amigos, dan\u00e7ar at\u00e9 cansar ou descobrir aquela banda indie que vai estourar nas pr\u00f3ximas semanas? Voc\u00ea encontra aqui. Nosso radar est\u00e1 sempre afiado, vasculhando desde os spots mais hypados at\u00e9 os achados que prometem virar trend nas redes.<\/p>\n\n\n\n<p>E quando a galera quer ver sem perder nenhum detalhe, \u00e9 nas nossas galerias que o Rio ganha vida de verdade. Fotos com luz natural, flashes e cen\u00e1rios urbanos cozidos a amendoim \u2014 de sunsets na Lapa a pistas fervendo na zona sul. Cada clique narra uma hist\u00f3ria, e cada rolagem te transporta direto pro meio do calor humano, da alegria espont\u00e2nea, da dan\u00e7a que nasce das ruas. \u00c9 uma celebra\u00e7\u00e3o visual nonstop!<\/p>\n\n\n\n<p>Fique de olho nas atualiza\u00e7\u00f5es, porque aqui o entretenimento \u00e9 quente e constante. Seja uma festa de \u00faltima hora, um show surpresa ou uma rave \u00e0 beira-mar, voc\u00ea estar\u00e1 sempre um passo \u00e0 frente. Ent\u00e3o, bora viver, curtir, descobrir? A Vida Carioca n\u00e3o \u00e9 s\u00f3 um site \u2014 \u00e9 o seu convite para sentir o Rio de Janeiro de perto. Vem fazer parte dessa festa virtual que \u00e9 t\u00e3o real quanto a energia contagiante da cidade que nunca dorme!<\/p>\n","protected":false},"excerpt":{"rendered":"<p>Seja bem-vindo \u00e0 Vida Carioca, seu passaporte digital para o universo pulsante do Rio de Janeiro! Aqui, cada clique te<\/p>\n","protected":false},"author":1,"featured_media":0,"parent":0,"menu_order":0,"comment_status":"closed","ping_status":"closed","template":"","meta":{"colormag_page_layout":"default_layout","ngg_post_thumbnail":0,"footnotes":""},"class_list":["post-597","page","type-page","status-publish","hentry"],"_links":{"self":[{"href":"https:\/\/vidacarioca.com.br\/index.php\/wp-json\/wp\/v2\/pages\/597","targetHints":{"allow":["GET"]}}],"collection":[{"href":"https:\/\/vidacarioca.com.br\/index.php\/wp-json\/wp\/v2\/pages"}],"about":[{"href":"https:\/\/vidacarioca.com.br\/index.php\/wp-json\/wp\/v2\/types\/page"}],"author":[{"embeddable":true,"href":"https:\/\/vidacarioca.com.br\/index.php\/wp-json\/wp\/v2\/users\/1"}],"replies":[{"embeddable":true,"href":"https:\/\/vidacarioca.com.br\/index.php\/wp-json\/wp\/v2\/comments?post=597"}],"version-history":[{"count":2,"href":"https:\/\/vidacarioca.com.br\/index.php\/wp-json\/wp\/v2\/pages\/597\/revisions"}],"predecessor-version":[{"id":720,"href":"https:\/\/vidacarioca.com.br\/index.php\/wp-json\/wp\/v2\/pages\/597\/revisions\/720"}],"wp:attachment":[{"href":"https:\/\/vidacarioca.com.br\/index.php\/wp-json\/wp\/v2\/media?parent=597"}],"curies":[{"name":"wp","href":"https:\/\/api.w.org\/{rel}","templated":true}]}}